{"id":409,"date":"2019-04-19T06:53:58","date_gmt":"2019-04-19T06:53:58","guid":{"rendered":"http:\/\/demo.sparklewpthemes.com\/constructionlight\/?page_id=409"},"modified":"2025-08-19T20:32:41","modified_gmt":"2025-08-19T20:32:41","slug":"interior-design","status":"publish","type":"page","link":"https:\/\/racks-elarca.com\/index.php\/interior-design\/","title":{"rendered":"Racks"},"content":{"rendered":"\n<p>Gabinetes o soportes met\u00e1licos para el almacenamiento y optimizaci\u00f3n de espacios en tu bodega, la calidad de los materiales garantiza la durabilidad. Tendr\u00e1s la oportunidad de organizar mejor tu mercanc\u00eda y todo tipo de insumos o materia prima.<\/p>\n\n\n\n<section id=\"gm326bb57\" class=\"wp-block-gutentor-m10 section-gm326bb57 gutentor-module g-gm-module\"><div class=\"grid-container\"><div class=\"grid-row g-gm-item-wrap\">\n<div id=\"col-gmafea78\" class=\"wp-block-gutentor-m10-col col-gmafea78 gutentor-module g-gm-col grid-lg-4 grid-md-4 grid-12\"><div id=\"section-gmafea78\" class=\"section-gmafea78 gutentor-single-col\">\n<div id=\"section-geffb7f\" class=\"wp-block-gutentor-e6 section-geffb7f gutentor-element gutentor-element-image\"><div class=\"gutentor-element-image-box\"><div class=\"gutentor-image-thumb\"><img decoding=\"async\" class=\"normal-image\" src=\"https:\/\/racks-elarca.com\/wp-content\/uploads\/2022\/07\/IMG-20220701-WA0002.jpg\"\/><\/div><\/div><\/div>\n\n\n\n<div id=\"section-g7bac1e\" class=\"wp-block-gutentor-e6 section-g7bac1e gutentor-element gutentor-element-image\"><div class=\"gutentor-element-image-box\"><div class=\"gutentor-image-thumb\"><img decoding=\"async\" class=\"normal-image\" src=\"https:\/\/racks-elarca.com\/wp-content\/uploads\/2022\/07\/IMG-20220701-WA0016.jpg\"\/><\/div><\/div><\/div>\n\n\n\n<div id=\"section-g67729f\" class=\"wp-block-gutentor-e6 section-g67729f gutentor-element gutentor-element-image\"><div class=\"gutentor-element-image-box\"><div class=\"gutentor-image-thumb\"><img decoding=\"async\" class=\"normal-image\" src=\"https:\/\/racks-elarca.com\/wp-content\/uploads\/2022\/07\/IMG-20220701-WA0000.jpg\"\/><\/div><\/div><\/div>\n<\/div><\/div>\n\n\n\n<div id=\"col-gmf57315\" class=\"wp-block-gutentor-m10-col col-gmf57315 gutentor-module g-gm-col grid-lg-4 grid-md-4 grid-12\"><div id=\"section-gmf57315\" class=\"section-gmf57315 gutentor-single-col\">\n<div id=\"section-gae0b48\" class=\"wp-block-gutentor-e6 section-gae0b48 gutentor-element gutentor-element-image\"><div class=\"gutentor-element-image-box\"><div class=\"gutentor-image-thumb\"><img decoding=\"async\" class=\"normal-image\" src=\"https:\/\/racks-elarca.com\/wp-content\/uploads\/2022\/07\/IMG-20220701-WA0017.jpg\"\/><\/div><\/div><\/div>\n\n\n\n<div id=\"section-g57d621\" class=\"wp-block-gutentor-e6 section-g57d621 gutentor-element gutentor-element-image\"><div class=\"gutentor-element-image-box\"><div class=\"gutentor-image-thumb\"><img decoding=\"async\" class=\"normal-image\" src=\"https:\/\/racks-elarca.com\/wp-content\/uploads\/2022\/07\/IMG-20220701-WA0007.jpg\"\/><\/div><\/div><\/div>\n\n\n\n<div id=\"section-g96b0c8\" class=\"wp-block-gutentor-e6 section-g96b0c8 gutentor-element gutentor-element-image\"><div class=\"gutentor-element-image-box\"><div class=\"gutentor-image-thumb\"><img decoding=\"async\" class=\"normal-image\" src=\"https:\/\/racks-elarca.com\/wp-content\/uploads\/2025\/08\/Racks-2025-13.jpeg\"\/><\/div><\/div><\/div>\n\n\n\n<div id=\"section-gfb372b\" class=\"wp-block-gutentor-e6 section-gfb372b gutentor-element gutentor-element-image\"><div class=\"gutentor-element-image-box\"><div class=\"gutentor-image-thumb\"><img decoding=\"async\" class=\"normal-image\" src=\"https:\/\/racks-elarca.com\/wp-content\/uploads\/2025\/08\/Racks-2025-11.jpeg\"\/><\/div><\/div><\/div>\n<\/div><\/div>\n\n\n\n<div id=\"col-gmef8d55\" class=\"wp-block-gutentor-m10-col col-gmef8d55 gutentor-module g-gm-col grid-lg-4 grid-md-4 grid-12\"><div id=\"section-gmef8d55\" class=\"section-gmef8d55 gutentor-single-col\">\n<div id=\"section-gc0c838\" class=\"wp-block-gutentor-e6 section-gc0c838 gutentor-element gutentor-element-image\"><div class=\"gutentor-element-image-box\"><div class=\"gutentor-image-thumb\"><img decoding=\"async\" class=\"normal-image\" src=\"https:\/\/racks-elarca.com\/wp-content\/uploads\/2022\/07\/IMG-20220701-WA0018.jpg\"\/><\/div><\/div><\/div>\n\n\n\n<div id=\"section-g37d14d\" class=\"wp-block-gutentor-e6 section-g37d14d gutentor-element gutentor-element-image\"><div class=\"gutentor-element-image-box\"><div class=\"gutentor-image-thumb\"><img decoding=\"async\" class=\"normal-image\" src=\"https:\/\/racks-elarca.com\/wp-content\/uploads\/2022\/07\/IMG-20220701-WA0001.jpg\"\/><\/div><\/div><\/div>\n\n\n\n<div id=\"section-g9475b2\" class=\"wp-block-gutentor-e6 section-g9475b2 gutentor-element gutentor-element-image\"><div class=\"gutentor-element-image-box\"><div class=\"gutentor-image-thumb\"><img decoding=\"async\" class=\"normal-image\" src=\"https:\/\/racks-elarca.com\/wp-content\/uploads\/2025\/08\/Racks-2025-10.jpeg\"\/><\/div><\/div><\/div>\n\n\n\n<div id=\"section-g2ea88a\" class=\"wp-block-gutentor-e6 section-g2ea88a gutentor-element gutentor-element-image\"><div class=\"gutentor-element-image-box\"><div class=\"gutentor-image-thumb\"><img decoding=\"async\" class=\"normal-image\" src=\"https:\/\/racks-elarca.com\/wp-content\/uploads\/2025\/08\/Racks-2025-5.jpeg\"\/><\/div><\/div><\/div>\n<\/div><\/div>\n<\/div><\/div><\/section>\n","protected":false},"excerpt":{"rendered":"<p>Gabinetes o soportes met\u00e1licos para el almacenamiento y optimizaci\u00f3n de espacios en tu bodega, la calidad de los materiales garantiza la durabilidad. Tendr\u00e1s la oportunidad&hellip;<\/p>\n","protected":false},"author":1,"featured_media":889,"parent":0,"menu_order":0,"comment_status":"closed","ping_status":"closed","template":"","meta":{"footnotes":""},"class_list":["post-409","page","type-page","status-publish","has-post-thumbnail","hentry"],"yoast_head":"<!-- This site is optimized with the Yoast SEO plugin v22.7 - https:\/\/yoast.com\/wordpress\/plugins\/seo\/ -->\n<title>Racks - Racks El Arca<\/title>\n<meta name=\"robots\" content=\"index, follow, max-snippet:-1, max-image-preview:large, max-video-preview:-1\" \/>\n<link rel=\"canonical\" href=\"https:\/\/racks-elarca.com\/index.php\/interior-design\/\" \/>\n<meta property=\"og:locale\" content=\"es_ES\" \/>\n<meta property=\"og:type\" content=\"article\" \/>\n<meta property=\"og:title\" content=\"Racks - Racks El Arca\" \/>\n<meta property=\"og:description\" content=\"Gabinetes o soportes met\u00e1licos para el almacenamiento y optimizaci\u00f3n de espacios en tu bodega, la calidad de los materiales garantiza la durabilidad. Tendr\u00e1s la oportunidad&hellip;\" \/>\n<meta property=\"og:url\" content=\"https:\/\/racks-elarca.com\/index.php\/interior-design\/\" \/>\n<meta property=\"og:site_name\" content=\"Racks El Arca\" \/>\n<meta property=\"article:modified_time\" content=\"2025-08-19T20:32:41+00:00\" \/>\n<meta property=\"og:image\" content=\"https:\/\/racks-elarca.com\/wp-content\/uploads\/2025\/08\/Racks-2025-11.jpeg\" \/>\n\t<meta property=\"og:image:width\" content=\"1204\" \/>\n\t<meta property=\"og:image:height\" content=\"1600\" \/>\n\t<meta property=\"og:image:type\" content=\"image\/jpeg\" \/>\n<meta name=\"twitter:card\" content=\"summary_large_image\" \/>\n<meta name=\"twitter:label1\" content=\"Tiempo de lectura\" \/>\n\t<meta name=\"twitter:data1\" content=\"3 minutos\" \/>\n<script type=\"application\/ld+json\" class=\"yoast-schema-graph\">{\"@context\":\"https:\/\/schema.org\",\"@graph\":[{\"@type\":\"WebPage\",\"@id\":\"https:\/\/racks-elarca.com\/index.php\/interior-design\/\",\"url\":\"https:\/\/racks-elarca.com\/index.php\/interior-design\/\",\"name\":\"Racks - Racks El Arca\",\"isPartOf\":{\"@id\":\"https:\/\/racks-elarca.com\/#website\"},\"primaryImageOfPage\":{\"@id\":\"https:\/\/racks-elarca.com\/index.php\/interior-design\/#primaryimage\"},\"image\":{\"@id\":\"https:\/\/racks-elarca.com\/index.php\/interior-design\/#primaryimage\"},\"thumbnailUrl\":\"https:\/\/racks-elarca.com\/wp-content\/uploads\/2025\/08\/Racks-2025-11.jpeg\",\"datePublished\":\"2019-04-19T06:53:58+00:00\",\"dateModified\":\"2025-08-19T20:32:41+00:00\",\"breadcrumb\":{\"@id\":\"https:\/\/racks-elarca.com\/index.php\/interior-design\/#breadcrumb\"},\"inLanguage\":\"es\",\"potentialAction\":[{\"@type\":\"ReadAction\",\"target\":[\"https:\/\/racks-elarca.com\/index.php\/interior-design\/\"]}]},{\"@type\":\"ImageObject\",\"inLanguage\":\"es\",\"@id\":\"https:\/\/racks-elarca.com\/index.php\/interior-design\/#primaryimage\",\"url\":\"https:\/\/racks-elarca.com\/wp-content\/uploads\/2025\/08\/Racks-2025-11.jpeg\",\"contentUrl\":\"https:\/\/racks-elarca.com\/wp-content\/uploads\/2025\/08\/Racks-2025-11.jpeg\",\"width\":1204,\"height\":1600},{\"@type\":\"BreadcrumbList\",\"@id\":\"https:\/\/racks-elarca.com\/index.php\/interior-design\/#breadcrumb\",\"itemListElement\":[{\"@type\":\"ListItem\",\"position\":1,\"name\":\"Portada\",\"item\":\"https:\/\/racks-elarca.com\/\"},{\"@type\":\"ListItem\",\"position\":2,\"name\":\"Racks\"}]},{\"@type\":\"WebSite\",\"@id\":\"https:\/\/racks-elarca.com\/#website\",\"url\":\"https:\/\/racks-elarca.com\/\",\"name\":\"Racks El Arca\",\"description\":\"Venta de racks en Ciudad de M\u00e9xico\",\"publisher\":{\"@id\":\"https:\/\/racks-elarca.com\/#organization\"},\"potentialAction\":[{\"@type\":\"SearchAction\",\"target\":{\"@type\":\"EntryPoint\",\"urlTemplate\":\"https:\/\/racks-elarca.com\/?s={search_term_string}\"},\"query-input\":\"required name=search_term_string\"}],\"inLanguage\":\"es\"},{\"@type\":\"Organization\",\"@id\":\"https:\/\/racks-elarca.com\/#organization\",\"name\":\"Racks El Arca\",\"url\":\"https:\/\/racks-elarca.com\/\",\"logo\":{\"@type\":\"ImageObject\",\"inLanguage\":\"es\",\"@id\":\"https:\/\/racks-elarca.com\/#\/schema\/logo\/image\/\",\"url\":\"https:\/\/racks-elarca.com\/wp-content\/uploads\/2022\/07\/2-e1659136009363.png\",\"contentUrl\":\"https:\/\/racks-elarca.com\/wp-content\/uploads\/2022\/07\/2-e1659136009363.png\",\"width\":250,\"height\":227,\"caption\":\"Racks El Arca\"},\"image\":{\"@id\":\"https:\/\/racks-elarca.com\/#\/schema\/logo\/image\/\"}}]}<\/script>\n<!-- \/ Yoast SEO plugin. -->","yoast_head_json":{"title":"Racks - Racks El Arca","robots":{"index":"index","follow":"follow","max-snippet":"max-snippet:-1","max-image-preview":"max-image-preview:large","max-video-preview":"max-video-preview:-1"},"canonical":"https:\/\/racks-elarca.com\/index.php\/interior-design\/","og_locale":"es_ES","og_type":"article","og_title":"Racks - Racks El Arca","og_description":"Gabinetes o soportes met\u00e1licos para el almacenamiento y optimizaci\u00f3n de espacios en tu bodega, la calidad de los materiales garantiza la durabilidad. Tendr\u00e1s la oportunidad&hellip;","og_url":"https:\/\/racks-elarca.com\/index.php\/interior-design\/","og_site_name":"Racks El Arca","article_modified_time":"2025-08-19T20:32:41+00:00","og_image":[{"width":1204,"height":1600,"url":"https:\/\/racks-elarca.com\/wp-content\/uploads\/2025\/08\/Racks-2025-11.jpeg","type":"image\/jpeg"}],"twitter_card":"summary_large_image","twitter_misc":{"Tiempo de lectura":"3 minutos"},"schema":{"@context":"https:\/\/schema.org","@graph":[{"@type":"WebPage","@id":"https:\/\/racks-elarca.com\/index.php\/interior-design\/","url":"https:\/\/racks-elarca.com\/index.php\/interior-design\/","name":"Racks - Racks El Arca","isPartOf":{"@id":"https:\/\/racks-elarca.com\/#website"},"primaryImageOfPage":{"@id":"https:\/\/racks-elarca.com\/index.php\/interior-design\/#primaryimage"},"image":{"@id":"https:\/\/racks-elarca.com\/index.php\/interior-design\/#primaryimage"},"thumbnailUrl":"https:\/\/racks-elarca.com\/wp-content\/uploads\/2025\/08\/Racks-2025-11.jpeg","datePublished":"2019-04-19T06:53:58+00:00","dateModified":"2025-08-19T20:32:41+00:00","breadcrumb":{"@id":"https:\/\/racks-elarca.com\/index.php\/interior-design\/#breadcrumb"},"inLanguage":"es","potentialAction":[{"@type":"ReadAction","target":["https:\/\/racks-elarca.com\/index.php\/interior-design\/"]}]},{"@type":"ImageObject","inLanguage":"es","@id":"https:\/\/racks-elarca.com\/index.php\/interior-design\/#primaryimage","url":"https:\/\/racks-elarca.com\/wp-content\/uploads\/2025\/08\/Racks-2025-11.jpeg","contentUrl":"https:\/\/racks-elarca.com\/wp-content\/uploads\/2025\/08\/Racks-2025-11.jpeg","width":1204,"height":1600},{"@type":"BreadcrumbList","@id":"https:\/\/racks-elarca.com\/index.php\/interior-design\/#breadcrumb","itemListElement":[{"@type":"ListItem","position":1,"name":"Portada","item":"https:\/\/racks-elarca.com\/"},{"@type":"ListItem","position":2,"name":"Racks"}]},{"@type":"WebSite","@id":"https:\/\/racks-elarca.com\/#website","url":"https:\/\/racks-elarca.com\/","name":"Racks El Arca","description":"Venta de racks en Ciudad de M\u00e9xico","publisher":{"@id":"https:\/\/racks-elarca.com\/#organization"},"potentialAction":[{"@type":"SearchAction","target":{"@type":"EntryPoint","urlTemplate":"https:\/\/racks-elarca.com\/?s={search_term_string}"},"query-input":"required name=search_term_string"}],"inLanguage":"es"},{"@type":"Organization","@id":"https:\/\/racks-elarca.com\/#organization","name":"Racks El Arca","url":"https:\/\/racks-elarca.com\/","logo":{"@type":"ImageObject","inLanguage":"es","@id":"https:\/\/racks-elarca.com\/#\/schema\/logo\/image\/","url":"https:\/\/racks-elarca.com\/wp-content\/uploads\/2022\/07\/2-e1659136009363.png","contentUrl":"https:\/\/racks-elarca.com\/wp-content\/uploads\/2022\/07\/2-e1659136009363.png","width":250,"height":227,"caption":"Racks El Arca"},"image":{"@id":"https:\/\/racks-elarca.com\/#\/schema\/logo\/image\/"}}]}},"_links":{"self":[{"href":"https:\/\/racks-elarca.com\/index.php\/wp-json\/wp\/v2\/pages\/409","targetHints":{"allow":["GET"]}}],"collection":[{"href":"https:\/\/racks-elarca.com\/index.php\/wp-json\/wp\/v2\/pages"}],"about":[{"href":"https:\/\/racks-elarca.com\/index.php\/wp-json\/wp\/v2\/types\/page"}],"author":[{"embeddable":true,"href":"https:\/\/racks-elarca.com\/index.php\/wp-json\/wp\/v2\/users\/1"}],"replies":[{"embeddable":true,"href":"https:\/\/racks-elarca.com\/index.php\/wp-json\/wp\/v2\/comments?post=409"}],"version-history":[{"count":4,"href":"https:\/\/racks-elarca.com\/index.php\/wp-json\/wp\/v2\/pages\/409\/revisions"}],"predecessor-version":[{"id":898,"href":"https:\/\/racks-elarca.com\/index.php\/wp-json\/wp\/v2\/pages\/409\/revisions\/898"}],"wp:featuredmedia":[{"embeddable":true,"href":"https:\/\/racks-elarca.com\/index.php\/wp-json\/wp\/v2\/media\/889"}],"wp:attachment":[{"href":"https:\/\/racks-elarca.com\/index.php\/wp-json\/wp\/v2\/media?parent=409"}],"curies":[{"name":"wp","href":"https:\/\/api.w.org\/{rel}","templated":true}]}}