{"id":126,"date":"2018-02-27T07:51:08","date_gmt":"2018-02-27T07:51:08","guid":{"rendered":"http:\/\/offshorethemes.com\/demo\/sparkconstruction\/?page_id=126"},"modified":"2025-08-25T14:47:40","modified_gmt":"2025-08-25T14:47:40","slug":"electrical-wiring","status":"publish","type":"page","link":"https:\/\/racks-elarca.com\/index.php\/electrical-wiring\/","title":{"rendered":"Entrepisos"},"content":{"rendered":"\n<p>Estructuras para la construcci\u00f3n de niveles y mejorar la distribuci\u00f3n log\u00edstica de almacenamiento, proyectos que facilitan la operaci\u00f3n de tu negocio y mejoran la capacidad en todo momento.<\/p>\n\n\n\n<section id=\"gm3efd5bd\" class=\"wp-block-gutentor-m10 section-gm3efd5bd gutentor-module g-gm-module\"><div class=\"grid-container\"><div class=\"grid-row g-gm-item-wrap\">\n<div id=\"col-gm009814\" class=\"wp-block-gutentor-m10-col col-gm009814 gutentor-module g-gm-col grid-lg-4 grid-md-4 grid-12\"><div id=\"section-gm009814\" class=\"section-gm009814 gutentor-single-col\">\n<div id=\"section-g5edcb8\" class=\"wp-block-gutentor-e6 section-g5edcb8 gutentor-element gutentor-element-image\"><div class=\"gutentor-element-image-box\"><div class=\"gutentor-image-thumb\"><img decoding=\"async\" class=\"normal-image\" src=\"https:\/\/racks-elarca.com\/wp-content\/uploads\/2022\/07\/IMG-20220701-WA0011.jpg\" alt=\"Entrepisos en Ciudad de M\u00e9xico\"\/><\/div><\/div><\/div>\n\n\n\n<div id=\"section-g407ac9\" class=\"wp-block-gutentor-e6 section-g407ac9 gutentor-element gutentor-element-image\"><div class=\"gutentor-element-image-box\"><div class=\"gutentor-image-thumb\"><img decoding=\"async\" class=\"normal-image\" src=\"https:\/\/racks-elarca.com\/wp-content\/uploads\/2022\/07\/IMG-20220701-WA0005.jpg\"\/><\/div><\/div><\/div>\n\n\n\n<div id=\"section-g9125cf\" class=\"wp-block-gutentor-e6 section-g9125cf gutentor-element gutentor-element-image\"><div class=\"gutentor-element-image-box\"><div class=\"gutentor-image-thumb\"><img decoding=\"async\" class=\"normal-image\" src=\"https:\/\/racks-elarca.com\/wp-content\/uploads\/2022\/07\/IMG-20220701-WA0012.jpg\"\/><\/div><\/div><\/div>\n\n\n\n<div id=\"section-g1c5d63\" class=\"wp-block-gutentor-e6 section-g1c5d63 gutentor-element gutentor-element-image\"><div class=\"gutentor-element-image-box\"><div class=\"gutentor-image-thumb\"><img decoding=\"async\" class=\"normal-image\" src=\"https:\/\/racks-elarca.com\/wp-content\/uploads\/2025\/08\/Racks-2025-8.jpeg\"\/><\/div><\/div><\/div>\n<\/div><\/div>\n\n\n\n<div id=\"col-gm7defe0\" class=\"wp-block-gutentor-m10-col col-gm7defe0 gutentor-module g-gm-col grid-lg-4 grid-md-4 grid-12\"><div id=\"section-gm7defe0\" class=\"section-gm7defe0 gutentor-single-col\">\n<div id=\"section-g16a7f3\" class=\"wp-block-gutentor-e6 section-g16a7f3 gutentor-element gutentor-element-image\"><div class=\"gutentor-element-image-box\"><div class=\"gutentor-image-thumb\"><img decoding=\"async\" class=\"normal-image\" src=\"https:\/\/racks-elarca.com\/wp-content\/uploads\/2022\/07\/IMG-20220701-WA0010.jpg\"\/><\/div><\/div><\/div>\n\n\n\n<div id=\"section-gf294d5\" class=\"wp-block-gutentor-e6 section-gf294d5 gutentor-element gutentor-element-image\"><div class=\"gutentor-element-image-box\"><div class=\"gutentor-image-thumb\"><img decoding=\"async\" class=\"normal-image\" src=\"https:\/\/racks-elarca.com\/wp-content\/uploads\/2022\/07\/IMG-20220701-WA0015.jpg\"\/><\/div><\/div><\/div>\n\n\n\n<div id=\"section-gad6b72\" class=\"wp-block-gutentor-e6 section-gad6b72 gutentor-element gutentor-element-image\"><div class=\"gutentor-element-image-box\"><div class=\"gutentor-image-thumb\"><img decoding=\"async\" class=\"normal-image\" src=\"https:\/\/racks-elarca.com\/wp-content\/uploads\/2025\/08\/Racks-2025-4.jpeg\"\/><\/div><\/div><\/div>\n\n\n\n<div id=\"section-g4eae44\" class=\"wp-block-gutentor-e6 section-g4eae44 gutentor-element gutentor-element-image\"><div class=\"gutentor-element-image-box\"><div class=\"gutentor-image-thumb\"><img decoding=\"async\" class=\"normal-image\" src=\"https:\/\/racks-elarca.com\/wp-content\/uploads\/2025\/08\/Racks-2025-3.jpeg\"\/><\/div><\/div><\/div>\n<\/div><\/div>\n\n\n\n<div id=\"col-gm17c46c\" class=\"wp-block-gutentor-m10-col col-gm17c46c gutentor-module g-gm-col grid-lg-4 grid-md-4 grid-12\"><div id=\"section-gm17c46c\" class=\"section-gm17c46c gutentor-single-col\">\n<div id=\"section-g9bed5b\" class=\"wp-block-gutentor-e6 section-g9bed5b gutentor-element gutentor-element-image\"><div class=\"gutentor-element-image-box\"><div class=\"gutentor-image-thumb\"><img decoding=\"async\" class=\"normal-image\" src=\"https:\/\/racks-elarca.com\/wp-content\/uploads\/2022\/07\/IMG-20220701-WA0009.jpg\"\/><\/div><\/div><\/div>\n\n\n\n<div id=\"section-g797b45\" class=\"wp-block-gutentor-e6 section-g797b45 gutentor-element gutentor-element-image\"><div class=\"gutentor-element-image-box\"><div class=\"gutentor-image-thumb\"><img decoding=\"async\" class=\"normal-image\" src=\"https:\/\/racks-elarca.com\/wp-content\/uploads\/2022\/07\/IMG-20220701-WA0013.jpg\"\/><\/div><\/div><\/div>\n\n\n\n<div id=\"section-gcbefda\" class=\"wp-block-gutentor-e6 section-gcbefda gutentor-element gutentor-element-image\"><div class=\"gutentor-element-image-box\"><div class=\"gutentor-image-thumb\"><img decoding=\"async\" class=\"normal-image\" src=\"https:\/\/racks-elarca.com\/wp-content\/uploads\/2025\/08\/Racks-2025-2.jpeg\"\/><\/div><\/div><\/div>\n\n\n\n<div id=\"section-g7a7bdd\" class=\"wp-block-gutentor-e6 section-g7a7bdd gutentor-element gutentor-element-image\"><div class=\"gutentor-element-image-box\"><div class=\"gutentor-image-thumb\"><img decoding=\"async\" class=\"normal-image\" src=\"https:\/\/racks-elarca.com\/wp-content\/uploads\/2025\/08\/Racks-2025-9.jpeg\"\/><\/div><\/div><\/div>\n<\/div><\/div>\n<\/div><\/div><\/section>\n","protected":false},"excerpt":{"rendered":"<p>Estructuras para la construcci\u00f3n de niveles y mejorar la distribuci\u00f3n log\u00edstica de almacenamiento, proyectos que facilitan la operaci\u00f3n de tu negocio y mejoran la capacidad&hellip;<\/p>\n","protected":false},"author":1,"featured_media":894,"parent":0,"menu_order":0,"comment_status":"closed","ping_status":"closed","template":"","meta":{"footnotes":""},"class_list":["post-126","page","type-page","status-publish","has-post-thumbnail","hentry"],"yoast_head":"<!-- This site is optimized with the Yoast SEO plugin v22.7 - https:\/\/yoast.com\/wordpress\/plugins\/seo\/ -->\n<title>Entrepisos - Racks El Arca<\/title>\n<meta name=\"robots\" content=\"index, follow, max-snippet:-1, max-image-preview:large, max-video-preview:-1\" \/>\n<link rel=\"canonical\" href=\"https:\/\/racks-elarca.com\/index.php\/electrical-wiring\/\" \/>\n<meta property=\"og:locale\" content=\"es_ES\" \/>\n<meta property=\"og:type\" content=\"article\" \/>\n<meta property=\"og:title\" content=\"Entrepisos - Racks El Arca\" \/>\n<meta property=\"og:description\" content=\"Estructuras para la construcci\u00f3n de niveles y mejorar la distribuci\u00f3n log\u00edstica de almacenamiento, proyectos que facilitan la operaci\u00f3n de tu negocio y mejoran la capacidad&hellip;\" \/>\n<meta property=\"og:url\" content=\"https:\/\/racks-elarca.com\/index.php\/electrical-wiring\/\" \/>\n<meta property=\"og:site_name\" content=\"Racks El Arca\" \/>\n<meta property=\"article:modified_time\" content=\"2025-08-25T14:47:40+00:00\" \/>\n<meta property=\"og:image\" content=\"https:\/\/racks-elarca.com\/wp-content\/uploads\/2025\/08\/Racks-2025-3.jpeg\" \/>\n\t<meta property=\"og:image:width\" content=\"1200\" \/>\n\t<meta property=\"og:image:height\" content=\"1600\" \/>\n\t<meta property=\"og:image:type\" content=\"image\/jpeg\" \/>\n<meta name=\"twitter:card\" content=\"summary_large_image\" \/>\n<meta name=\"twitter:label1\" content=\"Tiempo de lectura\" \/>\n\t<meta name=\"twitter:data1\" content=\"3 minutos\" \/>\n<script type=\"application\/ld+json\" class=\"yoast-schema-graph\">{\"@context\":\"https:\/\/schema.org\",\"@graph\":[{\"@type\":\"WebPage\",\"@id\":\"https:\/\/racks-elarca.com\/index.php\/electrical-wiring\/\",\"url\":\"https:\/\/racks-elarca.com\/index.php\/electrical-wiring\/\",\"name\":\"Entrepisos - Racks El Arca\",\"isPartOf\":{\"@id\":\"https:\/\/racks-elarca.com\/#website\"},\"primaryImageOfPage\":{\"@id\":\"https:\/\/racks-elarca.com\/index.php\/electrical-wiring\/#primaryimage\"},\"image\":{\"@id\":\"https:\/\/racks-elarca.com\/index.php\/electrical-wiring\/#primaryimage\"},\"thumbnailUrl\":\"https:\/\/racks-elarca.com\/wp-content\/uploads\/2025\/08\/Racks-2025-3.jpeg\",\"datePublished\":\"2018-02-27T07:51:08+00:00\",\"dateModified\":\"2025-08-25T14:47:40+00:00\",\"breadcrumb\":{\"@id\":\"https:\/\/racks-elarca.com\/index.php\/electrical-wiring\/#breadcrumb\"},\"inLanguage\":\"es\",\"potentialAction\":[{\"@type\":\"ReadAction\",\"target\":[\"https:\/\/racks-elarca.com\/index.php\/electrical-wiring\/\"]}]},{\"@type\":\"ImageObject\",\"inLanguage\":\"es\",\"@id\":\"https:\/\/racks-elarca.com\/index.php\/electrical-wiring\/#primaryimage\",\"url\":\"https:\/\/racks-elarca.com\/wp-content\/uploads\/2025\/08\/Racks-2025-3.jpeg\",\"contentUrl\":\"https:\/\/racks-elarca.com\/wp-content\/uploads\/2025\/08\/Racks-2025-3.jpeg\",\"width\":1200,\"height\":1600},{\"@type\":\"BreadcrumbList\",\"@id\":\"https:\/\/racks-elarca.com\/index.php\/electrical-wiring\/#breadcrumb\",\"itemListElement\":[{\"@type\":\"ListItem\",\"position\":1,\"name\":\"Portada\",\"item\":\"https:\/\/racks-elarca.com\/\"},{\"@type\":\"ListItem\",\"position\":2,\"name\":\"Entrepisos\"}]},{\"@type\":\"WebSite\",\"@id\":\"https:\/\/racks-elarca.com\/#website\",\"url\":\"https:\/\/racks-elarca.com\/\",\"name\":\"Racks El Arca\",\"description\":\"Venta de racks en Ciudad de M\u00e9xico\",\"publisher\":{\"@id\":\"https:\/\/racks-elarca.com\/#organization\"},\"potentialAction\":[{\"@type\":\"SearchAction\",\"target\":{\"@type\":\"EntryPoint\",\"urlTemplate\":\"https:\/\/racks-elarca.com\/?s={search_term_string}\"},\"query-input\":\"required name=search_term_string\"}],\"inLanguage\":\"es\"},{\"@type\":\"Organization\",\"@id\":\"https:\/\/racks-elarca.com\/#organization\",\"name\":\"Racks El Arca\",\"url\":\"https:\/\/racks-elarca.com\/\",\"logo\":{\"@type\":\"ImageObject\",\"inLanguage\":\"es\",\"@id\":\"https:\/\/racks-elarca.com\/#\/schema\/logo\/image\/\",\"url\":\"https:\/\/racks-elarca.com\/wp-content\/uploads\/2022\/07\/2-e1659136009363.png\",\"contentUrl\":\"https:\/\/racks-elarca.com\/wp-content\/uploads\/2022\/07\/2-e1659136009363.png\",\"width\":250,\"height\":227,\"caption\":\"Racks El Arca\"},\"image\":{\"@id\":\"https:\/\/racks-elarca.com\/#\/schema\/logo\/image\/\"}}]}<\/script>\n<!-- \/ Yoast SEO plugin. -->","yoast_head_json":{"title":"Entrepisos - Racks El Arca","robots":{"index":"index","follow":"follow","max-snippet":"max-snippet:-1","max-image-preview":"max-image-preview:large","max-video-preview":"max-video-preview:-1"},"canonical":"https:\/\/racks-elarca.com\/index.php\/electrical-wiring\/","og_locale":"es_ES","og_type":"article","og_title":"Entrepisos - Racks El Arca","og_description":"Estructuras para la construcci\u00f3n de niveles y mejorar la distribuci\u00f3n log\u00edstica de almacenamiento, proyectos que facilitan la operaci\u00f3n de tu negocio y mejoran la capacidad&hellip;","og_url":"https:\/\/racks-elarca.com\/index.php\/electrical-wiring\/","og_site_name":"Racks El Arca","article_modified_time":"2025-08-25T14:47:40+00:00","og_image":[{"width":1200,"height":1600,"url":"https:\/\/racks-elarca.com\/wp-content\/uploads\/2025\/08\/Racks-2025-3.jpeg","type":"image\/jpeg"}],"twitter_card":"summary_large_image","twitter_misc":{"Tiempo de lectura":"3 minutos"},"schema":{"@context":"https:\/\/schema.org","@graph":[{"@type":"WebPage","@id":"https:\/\/racks-elarca.com\/index.php\/electrical-wiring\/","url":"https:\/\/racks-elarca.com\/index.php\/electrical-wiring\/","name":"Entrepisos - Racks El Arca","isPartOf":{"@id":"https:\/\/racks-elarca.com\/#website"},"primaryImageOfPage":{"@id":"https:\/\/racks-elarca.com\/index.php\/electrical-wiring\/#primaryimage"},"image":{"@id":"https:\/\/racks-elarca.com\/index.php\/electrical-wiring\/#primaryimage"},"thumbnailUrl":"https:\/\/racks-elarca.com\/wp-content\/uploads\/2025\/08\/Racks-2025-3.jpeg","datePublished":"2018-02-27T07:51:08+00:00","dateModified":"2025-08-25T14:47:40+00:00","breadcrumb":{"@id":"https:\/\/racks-elarca.com\/index.php\/electrical-wiring\/#breadcrumb"},"inLanguage":"es","potentialAction":[{"@type":"ReadAction","target":["https:\/\/racks-elarca.com\/index.php\/electrical-wiring\/"]}]},{"@type":"ImageObject","inLanguage":"es","@id":"https:\/\/racks-elarca.com\/index.php\/electrical-wiring\/#primaryimage","url":"https:\/\/racks-elarca.com\/wp-content\/uploads\/2025\/08\/Racks-2025-3.jpeg","contentUrl":"https:\/\/racks-elarca.com\/wp-content\/uploads\/2025\/08\/Racks-2025-3.jpeg","width":1200,"height":1600},{"@type":"BreadcrumbList","@id":"https:\/\/racks-elarca.com\/index.php\/electrical-wiring\/#breadcrumb","itemListElement":[{"@type":"ListItem","position":1,"name":"Portada","item":"https:\/\/racks-elarca.com\/"},{"@type":"ListItem","position":2,"name":"Entrepisos"}]},{"@type":"WebSite","@id":"https:\/\/racks-elarca.com\/#website","url":"https:\/\/racks-elarca.com\/","name":"Racks El Arca","description":"Venta de racks en Ciudad de M\u00e9xico","publisher":{"@id":"https:\/\/racks-elarca.com\/#organization"},"potentialAction":[{"@type":"SearchAction","target":{"@type":"EntryPoint","urlTemplate":"https:\/\/racks-elarca.com\/?s={search_term_string}"},"query-input":"required name=search_term_string"}],"inLanguage":"es"},{"@type":"Organization","@id":"https:\/\/racks-elarca.com\/#organization","name":"Racks El Arca","url":"https:\/\/racks-elarca.com\/","logo":{"@type":"ImageObject","inLanguage":"es","@id":"https:\/\/racks-elarca.com\/#\/schema\/logo\/image\/","url":"https:\/\/racks-elarca.com\/wp-content\/uploads\/2022\/07\/2-e1659136009363.png","contentUrl":"https:\/\/racks-elarca.com\/wp-content\/uploads\/2022\/07\/2-e1659136009363.png","width":250,"height":227,"caption":"Racks El Arca"},"image":{"@id":"https:\/\/racks-elarca.com\/#\/schema\/logo\/image\/"}}]}},"_links":{"self":[{"href":"https:\/\/racks-elarca.com\/index.php\/wp-json\/wp\/v2\/pages\/126","targetHints":{"allow":["GET"]}}],"collection":[{"href":"https:\/\/racks-elarca.com\/index.php\/wp-json\/wp\/v2\/pages"}],"about":[{"href":"https:\/\/racks-elarca.com\/index.php\/wp-json\/wp\/v2\/types\/page"}],"author":[{"embeddable":true,"href":"https:\/\/racks-elarca.com\/index.php\/wp-json\/wp\/v2\/users\/1"}],"replies":[{"embeddable":true,"href":"https:\/\/racks-elarca.com\/index.php\/wp-json\/wp\/v2\/comments?post=126"}],"version-history":[{"count":2,"href":"https:\/\/racks-elarca.com\/index.php\/wp-json\/wp\/v2\/pages\/126\/revisions"}],"predecessor-version":[{"id":901,"href":"https:\/\/racks-elarca.com\/index.php\/wp-json\/wp\/v2\/pages\/126\/revisions\/901"}],"wp:featuredmedia":[{"embeddable":true,"href":"https:\/\/racks-elarca.com\/index.php\/wp-json\/wp\/v2\/media\/894"}],"wp:attachment":[{"href":"https:\/\/racks-elarca.com\/index.php\/wp-json\/wp\/v2\/media?parent=126"}],"curies":[{"name":"wp","href":"https:\/\/api.w.org\/{rel}","templated":true}]}}